{"id":150,"date":"2024-10-07T10:00:35","date_gmt":"2024-10-07T10:00:35","guid":{"rendered":"https:\/\/montseperez.com\/?page_id=150"},"modified":"2025-07-07T07:00:14","modified_gmt":"2025-07-07T07:00:14","slug":"ventas","status":"publish","type":"page","link":"https:\/\/montseperez.com\/?page_id=150","title":{"rendered":"Ventas"},"content":{"rendered":"\t\t<div data-elementor-type=\"wp-page\" data-elementor-id=\"150\" class=\"elementor elementor-150\" data-elementor-post-type=\"page\">\n\t\t\t\t<div class=\"elementor-element elementor-element-2f89f8ac e-flex e-con-boxed e-con e-parent\" data-id=\"2f89f8ac\" data-element_type=\"container\" data-e-type=\"container\">\n\t\t\t\t\t<div class=\"e-con-inner\">\n\t\t\t\t<div class=\"elementor-element elementor-element-2507f834 elementor-invisible elementor-widget elementor-widget-heading\" data-id=\"2507f834\" data-element_type=\"widget\" data-e-type=\"widget\" data-settings=\"{&quot;_animation&quot;:&quot;fadeIn&quot;}\" data-widget_type=\"heading.default\">\n\t\t\t\t<div class=\"elementor-widget-container\">\n\t\t\t\t\t<h2 class=\"elementor-heading-title elementor-size-default\">Servicios de Ventas<\/h2>\t\t\t\t<\/div>\n\t\t\t\t<\/div>\n\t\t<div class=\"elementor-element elementor-element-3a2cea17 e-con-full e-flex elementor-invisible e-con e-child\" data-id=\"3a2cea17\" data-element_type=\"container\" data-e-type=\"container\" data-settings=\"{&quot;background_background&quot;:&quot;classic&quot;,&quot;animation&quot;:&quot;fadeIn&quot;,&quot;animation_delay&quot;:400}\">\n\t\t\t\t<div class=\"elementor-element elementor-element-759bfc41 elementor-widget-divider--view-line elementor-widget elementor-widget-divider\" data-id=\"759bfc41\" data-element_type=\"widget\" data-e-type=\"widget\" data-widget_type=\"divider.default\">\n\t\t\t\t<div class=\"elementor-widget-container\">\n\t\t\t\t\t\t\t<div class=\"elementor-divider\">\n\t\t\t<span class=\"elementor-divider-separator\">\n\t\t\t\t\t\t<\/span>\n\t\t<\/div>\n\t\t\t\t\t\t<\/div>\n\t\t\t\t<\/div>\n\t\t\t\t<\/div>\n\t\t\t\t\t<\/div>\n\t\t\t\t<\/div>\n\t\t<div class=\"elementor-element elementor-element-52b5ec6f e-flex e-con-boxed e-con e-parent\" data-id=\"52b5ec6f\" data-element_type=\"container\" data-e-type=\"container\" data-settings=\"{&quot;background_background&quot;:&quot;classic&quot;}\">\n\t\t\t\t\t<div class=\"e-con-inner\">\n\t\t\t\t<div class=\"elementor-element elementor-element-53edc925 elementor-widget__width-inherit elementor-invisible elementor-widget elementor-widget-text-editor\" data-id=\"53edc925\" data-element_type=\"widget\" data-e-type=\"widget\" data-settings=\"{&quot;_animation&quot;:&quot;fadeIn&quot;}\" data-widget_type=\"text-editor.default\">\n\t\t\t\t<div class=\"elementor-widget-container\">\n\t\t\t\t\t\t\t\t\t<p>VENTAS<\/p>\t\t\t\t\t\t\t\t<\/div>\n\t\t\t\t<\/div>\n\t\t\t\t<div class=\"elementor-element elementor-element-5954c77b elementor-invisible elementor-widget elementor-widget-heading\" data-id=\"5954c77b\" data-element_type=\"widget\" data-e-type=\"widget\" data-settings=\"{&quot;_animation&quot;:&quot;fadeIn&quot;,&quot;_animation_delay&quot;:200}\" data-widget_type=\"heading.default\">\n\t\t\t\t<div class=\"elementor-widget-container\">\n\t\t\t\t\t<h2 class=\"elementor-heading-title elementor-size-default\">Tu marca, nuestra misi\u00f3n compartida.<\/h2>\t\t\t\t<\/div>\n\t\t\t\t<\/div>\n\t\t<div class=\"elementor-element elementor-element-1b7e91fd e-con-full e-flex e-con e-child\" data-id=\"1b7e91fd\" data-element_type=\"container\" data-e-type=\"container\">\n\t\t<div class=\"elementor-element elementor-element-50f35f6e e-con-full e-flex e-con e-child\" data-id=\"50f35f6e\" data-element_type=\"container\" data-e-type=\"container\">\n\t\t<div class=\"elementor-element elementor-element-835528b e-con-full e-flex e-con e-child\" data-id=\"835528b\" data-element_type=\"container\" data-e-type=\"container\">\n\t\t\t\t<div class=\"elementor-element elementor-element-54db8078 elementor-invisible elementor-widget elementor-widget-image\" data-id=\"54db8078\" data-element_type=\"widget\" data-e-type=\"widget\" data-settings=\"{&quot;_animation&quot;:&quot;fadeIn&quot;,&quot;_animation_delay&quot;:400}\" data-widget_type=\"image.default\">\n\t\t\t\t<div class=\"elementor-widget-container\">\n\t\t\t\t\t\t\t\t\t\t\t\t\t\t\t<img fetchpriority=\"high\" decoding=\"async\" width=\"800\" height=\"532\" src=\"https:\/\/montseperez.com\/wp-content\/uploads\/2024\/11\/2165-1024x681.jpg\" class=\"attachment-large size-large wp-image-453\" alt=\"\" srcset=\"https:\/\/montseperez.com\/wp-content\/uploads\/2024\/11\/2165-1024x681.jpg 1024w, https:\/\/montseperez.com\/wp-content\/uploads\/2024\/11\/2165-300x200.jpg 300w, https:\/\/montseperez.com\/wp-content\/uploads\/2024\/11\/2165-768x511.jpg 768w, https:\/\/montseperez.com\/wp-content\/uploads\/2024\/11\/2165.jpg 1500w\" sizes=\"(max-width: 800px) 100vw, 800px\" \/>\t\t\t\t\t\t\t\t\t\t\t\t\t\t\t<\/div>\n\t\t\t\t<\/div>\n\t\t\t\t<\/div>\n\t\t<div class=\"elementor-element elementor-element-64f8f63e e-con-full e-flex e-con e-child\" data-id=\"64f8f63e\" data-element_type=\"container\" data-e-type=\"container\">\n\t\t\t\t<div class=\"elementor-element elementor-element-3a298aad elementor-invisible elementor-widget elementor-widget-image\" data-id=\"3a298aad\" data-element_type=\"widget\" data-e-type=\"widget\" data-settings=\"{&quot;_animation&quot;:&quot;fadeIn&quot;,&quot;_animation_delay&quot;:500}\" data-widget_type=\"image.default\">\n\t\t\t\t<div class=\"elementor-widget-container\">\n\t\t\t\t\t\t\t\t\t\t\t\t\t\t\t<img decoding=\"async\" width=\"683\" height=\"1024\" src=\"https:\/\/montseperez.com\/wp-content\/uploads\/2024\/10\/creative-minds-collaborative-workspace-DT9EPXH-683x1024.jpg\" class=\"attachment-large size-large wp-image-52\" alt=\"\" srcset=\"https:\/\/montseperez.com\/wp-content\/uploads\/2024\/10\/creative-minds-collaborative-workspace-DT9EPXH-683x1024.jpg 683w, https:\/\/montseperez.com\/wp-content\/uploads\/2024\/10\/creative-minds-collaborative-workspace-DT9EPXH-200x300.jpg 200w, https:\/\/montseperez.com\/wp-content\/uploads\/2024\/10\/creative-minds-collaborative-workspace-DT9EPXH-768x1152.jpg 768w, https:\/\/montseperez.com\/wp-content\/uploads\/2024\/10\/creative-minds-collaborative-workspace-DT9EPXH.jpg 1000w\" sizes=\"(max-width: 683px) 100vw, 683px\" \/>\t\t\t\t\t\t\t\t\t\t\t\t\t\t\t<\/div>\n\t\t\t\t<\/div>\n\t\t\t\t<\/div>\n\t\t\t\t<\/div>\n\t\t\t\t<div class=\"elementor-element elementor-element-3d7ba2e elementor-widget__width-initial elementor-widget-mobile__width-inherit elementor-invisible elementor-widget elementor-widget-text-editor\" data-id=\"3d7ba2e\" data-element_type=\"widget\" data-e-type=\"widget\" data-settings=\"{&quot;_animation&quot;:&quot;fadeIn&quot;,&quot;_animation_delay&quot;:400}\" data-widget_type=\"text-editor.default\">\n\t\t\t\t<div class=\"elementor-widget-container\">\n\t\t\t\t\t\t\t\t\t<p>\u00a0<span class=\"fontstyle0\">El verdadero crecimiento comienza cuando encuentras un <strong>equipo que entiende tu visi\u00f3n<\/strong>, respeta tu esencia y trabaja con la misma pasi\u00f3n que t\u00fa por lo que haces.<\/span><\/p><p><span class=\"fontstyle0\">Nos convertimos en tu <strong>aliado estrat\u00e9gico<\/strong>, actuando como una extensi\u00f3n de tu empresa para ayudarte a conectar con los clientes adecuados, abrir nuevas oportunidades y posicionar tu marca donde realmente merece estar.<\/span><\/p><p><span class=\"fontstyle0\">Desde la b\u00fasqueda de nuevos contactos hasta la creaci\u00f3n de <strong>relaciones duraderas<\/strong>, nos encargamos de todo el proceso para que t\u00fa puedas centrarte en seguir creciendo.<\/span><\/p><p><span class=\"fontstyle0\">Con m\u00e1s de <strong>28 a\u00f1os de experiencia en el sector<\/strong> de la belleza y la peluquer\u00eda profesional, hemos acompa\u00f1ado a marcas que hoy son referentes. Hemos dise\u00f1ado estrategias, lanzado productos y creado posicionamientos s\u00f3lidos en mercados cada vez m\u00e1s exigentes.<\/span><\/p><p><span class=\"fontstyle0\">Sabemos c\u00f3mo destacar el valor de lo que ofreces, c\u00f3mo crear conexi\u00f3n con el p\u00fablico adecuado y c\u00f3mo acompa\u00f1arte hacia resultados sostenibles a largo plazo.<\/span><\/p><p><strong><span class=\"fontstyle0\">\u00bf<\/span><span class=\"fontstyle1\">\ud835\udddb\ud835\uddee\ud835\uddef\ud835\uddf9\ud835\uddee\ud835\uddfa\ud835\uddfc\ud835\ude00<\/span><span class=\"fontstyle0\">?<\/span><\/strong><\/p><p><span class=\"fontstyle0\">Estamos aqu\u00ed para ayudarte a dar el siguiente paso. Juntos, podemos hacer que tu marca crezca con fuerza, coherencia y prop\u00f3sito.<\/span><\/p>\t\t\t\t\t\t\t\t<\/div>\n\t\t\t\t<\/div>\n\t\t\t\t<\/div>\n\t\t\t\t<div class=\"elementor-element elementor-element-524d9e9 elementor-button-info elementor-align-center elementor-invisible elementor-widget elementor-widget-button\" data-id=\"524d9e9\" data-element_type=\"widget\" data-e-type=\"widget\" data-settings=\"{&quot;_animation&quot;:&quot;fadeIn&quot;}\" data-widget_type=\"button.default\">\n\t\t\t\t<div class=\"elementor-widget-container\">\n\t\t\t\t\t\t\t\t\t<div class=\"elementor-button-wrapper\">\n\t\t\t\t\t<a class=\"elementor-button elementor-button-link elementor-size-sm\" href=\"https:\/\/montseperez.com\/wp-content\/uploads\/2025\/07\/VENTAS-MODIFICADO-1.pdf\">\n\t\t\t\t\t\t<span class=\"elementor-button-content-wrapper\">\n\t\t\t\t\t\t\t\t\t<span class=\"elementor-button-text\">M\u00e1s informaci\u00f3n<\/span>\n\t\t\t\t\t<\/span>\n\t\t\t\t\t<\/a>\n\t\t\t\t<\/div>\n\t\t\t\t\t\t\t\t<\/div>\n\t\t\t\t<\/div>\n\t\t\t\t\t<\/div>\n\t\t\t\t<\/div>\n\t\t<div class=\"elementor-element elementor-element-784671eb e-flex e-con-boxed e-con e-parent\" data-id=\"784671eb\" data-element_type=\"container\" data-e-type=\"container\">\n\t\t\t\t\t<div class=\"e-con-inner\">\n\t\t\t\t<div class=\"elementor-element elementor-element-951699c elementor-widget__width-inherit elementor-invisible elementor-widget elementor-widget-text-editor\" data-id=\"951699c\" data-element_type=\"widget\" data-e-type=\"widget\" data-settings=\"{&quot;_animation&quot;:&quot;fadeIn&quot;}\" data-widget_type=\"text-editor.default\">\n\t\t\t\t<div class=\"elementor-widget-container\">\n\t\t\t\t\t\t\t\t\t<p>ventas<\/p>\t\t\t\t\t\t\t\t<\/div>\n\t\t\t\t<\/div>\n\t\t\t\t<div class=\"elementor-element elementor-element-4a740101 elementor-invisible elementor-widget elementor-widget-heading\" data-id=\"4a740101\" data-element_type=\"widget\" data-e-type=\"widget\" data-settings=\"{&quot;_animation&quot;:&quot;fadeIn&quot;,&quot;_animation_delay&quot;:200}\" data-widget_type=\"heading.default\">\n\t\t\t\t<div class=\"elementor-widget-container\">\n\t\t\t\t\t<h2 class=\"elementor-heading-title elementor-size-default\">Impulsamos tu negocio con una visi\u00f3n innovadora<\/h2>\t\t\t\t<\/div>\n\t\t\t\t<\/div>\n\t\t\t\t<div class=\"elementor-element elementor-element-2c400e21 elementor-invisible elementor-widget elementor-widget-text-editor\" data-id=\"2c400e21\" data-element_type=\"widget\" data-e-type=\"widget\" data-settings=\"{&quot;_animation&quot;:&quot;fadeIn&quot;,&quot;_animation_delay&quot;:400}\" data-widget_type=\"text-editor.default\">\n\t\t\t\t<div class=\"elementor-widget-container\">\n\t\t\t\t\t\t\t\t\t<p>Creando proyectos desde cero y lanz\u00e1ndolos al mercado. Nuestro enfoque ha permitido alcanzar objetivos clave y posicionar firmas especializadas con gran impacto en el mercado.<\/p>\t\t\t\t\t\t\t\t<\/div>\n\t\t\t\t<\/div>\n\t\t<div class=\"elementor-element elementor-element-5bda7057 e-con-full e-grid e-con e-child\" data-id=\"5bda7057\" data-element_type=\"container\" data-e-type=\"container\">\n\t\t<div class=\"elementor-element elementor-element-48b3810e e-con-full e-flex elementor-invisible e-con e-child\" data-id=\"48b3810e\" data-element_type=\"container\" data-e-type=\"container\" data-settings=\"{&quot;animation&quot;:&quot;fadeIn&quot;,&quot;animation_delay&quot;:600,&quot;background_background&quot;:&quot;classic&quot;}\">\n\t\t\t\t<div class=\"elementor-element elementor-element-14a34d9f elementor-position-top elementor-widget elementor-widget-image-box\" data-id=\"14a34d9f\" data-element_type=\"widget\" data-e-type=\"widget\" data-widget_type=\"image-box.default\">\n\t\t\t\t<div class=\"elementor-widget-container\">\n\t\t\t\t\t<div class=\"elementor-image-box-wrapper\"><figure class=\"elementor-image-box-img\"><a href=\"https:\/\/montseperez.com\/open-day\/\" tabindex=\"-1\"><img decoding=\"async\" width=\"512\" height=\"512\" src=\"https:\/\/montseperez.com\/wp-content\/uploads\/2024\/10\/medios-de-comunicacion-social.svg\" class=\"attachment-full size-full wp-image-333\" alt=\"\" \/><\/a><\/figure><div class=\"elementor-image-box-content\"><h3 class=\"elementor-image-box-title\"><a href=\"https:\/\/montseperez.com\/open-day\/\">Open Day<\/a><\/h3><p class=\"elementor-image-box-description\">Acompa\u00f1amos a las marcas del sector de la\npeluqueria, barber\u00eda, est\u00e9tica, medicina\nest\u00e9tica y academias de formacion del sector\na conectar con profesionales con Open Day a\nmedida , en donde dar\u00e1s a conocer tus\nproductos y tu marca .\n<\/p><\/div><\/div>\t\t\t\t<\/div>\n\t\t\t\t<\/div>\n\t\t\t\t<\/div>\n\t\t<div class=\"elementor-element elementor-element-8823be2 e-con-full e-flex elementor-invisible e-con e-child\" data-id=\"8823be2\" data-element_type=\"container\" data-e-type=\"container\" data-settings=\"{&quot;animation&quot;:&quot;fadeIn&quot;,&quot;animation_delay&quot;:600,&quot;background_background&quot;:&quot;classic&quot;}\">\n\t\t\t\t<div class=\"elementor-element elementor-element-9c9820a elementor-position-top elementor-widget elementor-widget-image-box\" data-id=\"9c9820a\" data-element_type=\"widget\" data-e-type=\"widget\" data-widget_type=\"image-box.default\">\n\t\t\t\t<div class=\"elementor-widget-container\">\n\t\t\t\t\t<div class=\"elementor-image-box-wrapper\"><figure class=\"elementor-image-box-img\"><a href=\"https:\/\/montseperez.com\/data\/\" tabindex=\"-1\"><img loading=\"lazy\" decoding=\"async\" width=\"512\" height=\"512\" src=\"https:\/\/montseperez.com\/wp-content\/uploads\/2024\/10\/estrategia.svg\" class=\"attachment-full size-full wp-image-331\" alt=\"\" \/><\/a><\/figure><div class=\"elementor-image-box-content\"><h3 class=\"elementor-image-box-title\"><a href=\"https:\/\/montseperez.com\/data\/\">Data<\/a><\/h3><p class=\"elementor-image-box-description\">Tu marca merece llegar a quienes realmente la\nvalorar\u00e1n. Nuestra comunidad profesional\nconsolidada espera descubrir productos\ninspiradores que impulsen su crecimiento.<\/p><\/div><\/div>\t\t\t\t<\/div>\n\t\t\t\t<\/div>\n\t\t\t\t<\/div>\n\t\t<div class=\"elementor-element elementor-element-a476c23 e-con-full e-flex elementor-invisible e-con e-child\" data-id=\"a476c23\" data-element_type=\"container\" data-e-type=\"container\" data-settings=\"{&quot;animation&quot;:&quot;fadeIn&quot;,&quot;animation_delay&quot;:600,&quot;background_background&quot;:&quot;classic&quot;}\">\n\t\t\t\t<div class=\"elementor-element elementor-element-0d0b470 elementor-position-top elementor-widget elementor-widget-image-box\" data-id=\"0d0b470\" data-element_type=\"widget\" data-e-type=\"widget\" data-widget_type=\"image-box.default\">\n\t\t\t\t<div class=\"elementor-widget-container\">\n\t\t\t\t\t<div class=\"elementor-image-box-wrapper\"><figure class=\"elementor-image-box-img\"><a href=\"https:\/\/montseperez.com\/sponsor\/\" tabindex=\"-1\"><img loading=\"lazy\" decoding=\"async\" width=\"512\" height=\"512\" src=\"https:\/\/montseperez.com\/wp-content\/uploads\/2024\/10\/acuerdo.svg\" class=\"attachment-full size-full wp-image-328\" alt=\"\" \/><\/a><\/figure><div class=\"elementor-image-box-content\"><h3 class=\"elementor-image-box-title\"><a href=\"https:\/\/montseperez.com\/sponsor\/\">Sponsor<\/a><\/h3><p class=\"elementor-image-box-description\">Convierte tu evento de peluquer\u00eda en un \u00e9xito con patrocinadores estrat\u00e9gicos.\n<br>\nMe especializo en conseguir patrocinadores perfectos para tu gala<\/p><\/div><\/div>\t\t\t\t<\/div>\n\t\t\t\t<\/div>\n\t\t\t\t<\/div>\n\t\t\t\t<\/div>\n\t\t\t\t<div class=\"elementor-element elementor-element-e35da68 elementor-widget elementor-widget-spacer\" data-id=\"e35da68\" data-element_type=\"widget\" data-e-type=\"widget\" data-widget_type=\"spacer.default\">\n\t\t\t\t<div class=\"elementor-widget-container\">\n\t\t\t\t\t\t\t<div class=\"elementor-spacer\">\n\t\t\t<div class=\"elementor-spacer-inner\"><\/div>\n\t\t<\/div>\n\t\t\t\t\t\t<\/div>\n\t\t\t\t<\/div>\n\t\t\t\t<div class=\"elementor-element elementor-element-e553ca5 elementor-invisible elementor-widget elementor-widget-heading\" data-id=\"e553ca5\" data-element_type=\"widget\" data-e-type=\"widget\" data-settings=\"{&quot;_animation&quot;:&quot;fadeIn&quot;,&quot;_animation_delay&quot;:200}\" data-widget_type=\"heading.default\">\n\t\t\t\t<div class=\"elementor-widget-container\">\n\t\t\t\t\t<h2 class=\"elementor-heading-title elementor-size-default\">Nos convertimos en tu aliado estrat\u00e9gico, representando tu marca.<\/h2>\t\t\t\t<\/div>\n\t\t\t\t<\/div>\n\t\t\t\t\t<\/div>\n\t\t\t\t<\/div>\n\t\t<div class=\"elementor-element elementor-element-e64591a e-flex e-con-boxed e-con e-parent\" data-id=\"e64591a\" data-element_type=\"container\" data-e-type=\"container\" data-settings=\"{&quot;background_background&quot;:&quot;classic&quot;}\">\n\t\t\t\t\t<div class=\"e-con-inner\">\n\t\t<div class=\"elementor-element elementor-element-4223c95 e-con-full e-flex e-con e-child\" data-id=\"4223c95\" data-element_type=\"container\" data-e-type=\"container\">\n\t\t\t\t<div class=\"elementor-element elementor-element-f06202a elementor-widget__width-inherit elementor-invisible elementor-widget elementor-widget-text-editor\" data-id=\"f06202a\" data-element_type=\"widget\" data-e-type=\"widget\" data-settings=\"{&quot;_animation&quot;:&quot;fadeIn&quot;}\" data-widget_type=\"text-editor.default\">\n\t\t\t\t<div class=\"elementor-widget-container\">\n\t\t\t\t\t\t\t\t\t<p>contacto<\/p>\t\t\t\t\t\t\t\t<\/div>\n\t\t\t\t<\/div>\n\t\t\t\t<div class=\"elementor-element elementor-element-ebad86b elementor-invisible elementor-widget elementor-widget-heading\" data-id=\"ebad86b\" data-element_type=\"widget\" data-e-type=\"widget\" data-settings=\"{&quot;_animation&quot;:&quot;fadeIn&quot;,&quot;_animation_delay&quot;:200}\" data-widget_type=\"heading.default\">\n\t\t\t\t<div class=\"elementor-widget-container\">\n\t\t\t\t\t<h2 class=\"elementor-heading-title elementor-size-default\">Comienza a impulsar tu negocio y evento<\/h2>\t\t\t\t<\/div>\n\t\t\t\t<\/div>\n\t\t\t\t<div class=\"elementor-element elementor-element-5f05948 elementor-invisible elementor-widget elementor-widget-button\" data-id=\"5f05948\" data-element_type=\"widget\" data-e-type=\"widget\" data-settings=\"{&quot;_animation&quot;:&quot;fadeIn&quot;,&quot;_animation_delay&quot;:600}\" data-widget_type=\"button.default\">\n\t\t\t\t<div class=\"elementor-widget-container\">\n\t\t\t\t\t\t\t\t\t<div class=\"elementor-button-wrapper\">\n\t\t\t\t\t<a class=\"elementor-button elementor-button-link elementor-size-sm\" href=\"https:\/\/montseperez.com\/contacto\/\">\n\t\t\t\t\t\t<span class=\"elementor-button-content-wrapper\">\n\t\t\t\t\t\t\t\t\t<span class=\"elementor-button-text\">contacto<\/span>\n\t\t\t\t\t<\/span>\n\t\t\t\t\t<\/a>\n\t\t\t\t<\/div>\n\t\t\t\t\t\t\t\t<\/div>\n\t\t\t\t<\/div>\n\t\t\t\t<\/div>\n\t\t<div class=\"elementor-element elementor-element-5e24f2c e-con-full e-flex e-con e-child\" data-id=\"5e24f2c\" data-element_type=\"container\" data-e-type=\"container\">\n\t\t\t\t<\/div>\n\t\t\t\t\t<\/div>\n\t\t\t\t<\/div>\n\t\t\t\t<\/div>\n\t\t","protected":false},"excerpt":{"rendered":"<p>Servicios de Ventas VENTAS Tu marca, nuestra misi\u00f3n compartida. \u00a0El verdadero crecimiento comienza cuando encuentras un equipo que entiende tu visi\u00f3n, respeta tu esencia y trabaja con la misma pasi\u00f3n que t\u00fa por lo que haces. Nos convertimos en tu aliado estrat\u00e9gico, actuando como una extensi\u00f3n de tu empresa para ayudarte a conectar con los [&hellip;]<\/p>\n","protected":false},"author":1,"featured_media":0,"parent":0,"menu_order":2,"comment_status":"closed","ping_status":"closed","template":"","meta":{"_joinchat":[],"footnotes":""},"class_list":["post-150","page","type-page","status-publish","hentry"],"_links":{"self":[{"href":"https:\/\/montseperez.com\/index.php?rest_route=\/wp\/v2\/pages\/150","targetHints":{"allow":["GET"]}}],"collection":[{"href":"https:\/\/montseperez.com\/index.php?rest_route=\/wp\/v2\/pages"}],"about":[{"href":"https:\/\/montseperez.com\/index.php?rest_route=\/wp\/v2\/types\/page"}],"author":[{"embeddable":true,"href":"https:\/\/montseperez.com\/index.php?rest_route=\/wp\/v2\/users\/1"}],"replies":[{"embeddable":true,"href":"https:\/\/montseperez.com\/index.php?rest_route=%2Fwp%2Fv2%2Fcomments&post=150"}],"version-history":[{"count":64,"href":"https:\/\/montseperez.com\/index.php?rest_route=\/wp\/v2\/pages\/150\/revisions"}],"predecessor-version":[{"id":1076,"href":"https:\/\/montseperez.com\/index.php?rest_route=\/wp\/v2\/pages\/150\/revisions\/1076"}],"wp:attachment":[{"href":"https:\/\/montseperez.com\/index.php?rest_route=%2Fwp%2Fv2%2Fmedia&parent=150"}],"curies":[{"name":"wp","href":"https:\/\/api.w.org\/{rel}","templated":true}]}}