{"id":223,"date":"2024-10-11T14:17:43","date_gmt":"2024-10-11T14:17:43","guid":{"rendered":"https:\/\/montseperez.com\/?page_id=223"},"modified":"2024-11-28T16:40:26","modified_gmt":"2024-11-28T16:40:26","slug":"eventos","status":"publish","type":"page","link":"https:\/\/montseperez.com\/?page_id=223","title":{"rendered":"Eventos"},"content":{"rendered":"\t\t<div data-elementor-type=\"wp-page\" data-elementor-id=\"223\" class=\"elementor elementor-223\" data-elementor-post-type=\"page\">\n\t\t\t\t<div class=\"elementor-element elementor-element-2e98e5d9 e-flex e-con-boxed e-con e-parent\" data-id=\"2e98e5d9\" data-element_type=\"container\" data-e-type=\"container\">\n\t\t\t\t\t<div class=\"e-con-inner\">\n\t\t\t\t<div class=\"elementor-element elementor-element-3c2015c4 elementor-invisible elementor-widget elementor-widget-heading\" data-id=\"3c2015c4\" data-element_type=\"widget\" data-e-type=\"widget\" data-settings=\"{&quot;_animation&quot;:&quot;fadeIn&quot;}\" data-widget_type=\"heading.default\">\n\t\t\t\t<div class=\"elementor-widget-container\">\n\t\t\t\t\t<h2 class=\"elementor-heading-title elementor-size-default\">Servicios de Eventos<\/h2>\t\t\t\t<\/div>\n\t\t\t\t<\/div>\n\t\t<div class=\"elementor-element elementor-element-1d00e4fc e-con-full e-flex elementor-invisible e-con e-child\" data-id=\"1d00e4fc\" data-element_type=\"container\" data-e-type=\"container\" data-settings=\"{&quot;background_background&quot;:&quot;classic&quot;,&quot;animation&quot;:&quot;fadeIn&quot;,&quot;animation_delay&quot;:400}\">\n\t\t\t\t<div class=\"elementor-element elementor-element-51f46f7a elementor-widget-divider--view-line elementor-widget elementor-widget-divider\" data-id=\"51f46f7a\" data-element_type=\"widget\" data-e-type=\"widget\" data-widget_type=\"divider.default\">\n\t\t\t\t<div class=\"elementor-widget-container\">\n\t\t\t\t\t\t\t<div class=\"elementor-divider\">\n\t\t\t<span class=\"elementor-divider-separator\">\n\t\t\t\t\t\t<\/span>\n\t\t<\/div>\n\t\t\t\t\t\t<\/div>\n\t\t\t\t<\/div>\n\t\t\t\t<\/div>\n\t\t\t\t\t<\/div>\n\t\t\t\t<\/div>\n\t\t<div class=\"elementor-element elementor-element-718fb54f e-flex e-con-boxed e-con e-parent\" data-id=\"718fb54f\" data-element_type=\"container\" data-e-type=\"container\" data-settings=\"{&quot;background_background&quot;:&quot;classic&quot;}\">\n\t\t\t\t\t<div class=\"e-con-inner\">\n\t\t\t\t<div class=\"elementor-element elementor-element-2adca6a0 elementor-widget__width-inherit elementor-invisible elementor-widget elementor-widget-text-editor\" data-id=\"2adca6a0\" data-element_type=\"widget\" data-e-type=\"widget\" data-settings=\"{&quot;_animation&quot;:&quot;fadeIn&quot;}\" data-widget_type=\"text-editor.default\">\n\t\t\t\t<div class=\"elementor-widget-container\">\n\t\t\t\t\t\t\t\t\t<p>EVENTOS<\/p>\t\t\t\t\t\t\t\t<\/div>\n\t\t\t\t<\/div>\n\t\t\t\t<div class=\"elementor-element elementor-element-1fb84160 elementor-invisible elementor-widget elementor-widget-heading\" data-id=\"1fb84160\" data-element_type=\"widget\" data-e-type=\"widget\" data-settings=\"{&quot;_animation&quot;:&quot;fadeIn&quot;,&quot;_animation_delay&quot;:200}\" data-widget_type=\"heading.default\">\n\t\t\t\t<div class=\"elementor-widget-container\">\n\t\t\t\t\t<h2 class=\"elementor-heading-title elementor-size-default\">Dise\u00f1amos y ejecutamos eventos personalizados para tu marca.<\/h2>\t\t\t\t<\/div>\n\t\t\t\t<\/div>\n\t\t<div class=\"elementor-element elementor-element-539bb1cf e-con-full e-flex e-con e-child\" data-id=\"539bb1cf\" data-element_type=\"container\" data-e-type=\"container\">\n\t\t<div class=\"elementor-element elementor-element-2327f936 e-con-full e-flex e-con e-child\" data-id=\"2327f936\" data-element_type=\"container\" data-e-type=\"container\">\n\t\t<div class=\"elementor-element elementor-element-72b39eb6 e-con-full e-flex e-con e-child\" data-id=\"72b39eb6\" data-element_type=\"container\" data-e-type=\"container\">\n\t\t\t\t<div class=\"elementor-element elementor-element-44163818 elementor-invisible elementor-widget elementor-widget-image\" data-id=\"44163818\" data-element_type=\"widget\" data-e-type=\"widget\" data-settings=\"{&quot;_animation&quot;:&quot;fadeIn&quot;,&quot;_animation_delay&quot;:400}\" data-widget_type=\"image.default\">\n\t\t\t\t<div class=\"elementor-widget-container\">\n\t\t\t\t\t\t\t\t\t\t\t\t\t\t\t<img fetchpriority=\"high\" decoding=\"async\" width=\"800\" height=\"800\" src=\"https:\/\/montseperez.com\/wp-content\/uploads\/2024\/11\/Favorita-1-1024x1024.png\" class=\"attachment-large size-large wp-image-447\" alt=\"\" srcset=\"https:\/\/montseperez.com\/wp-content\/uploads\/2024\/11\/Favorita-1-1024x1024.png 1024w, https:\/\/montseperez.com\/wp-content\/uploads\/2024\/11\/Favorita-1-300x300.png 300w, https:\/\/montseperez.com\/wp-content\/uploads\/2024\/11\/Favorita-1-150x150.png 150w, https:\/\/montseperez.com\/wp-content\/uploads\/2024\/11\/Favorita-1-768x768.png 768w, https:\/\/montseperez.com\/wp-content\/uploads\/2024\/11\/Favorita-1.png 1080w\" sizes=\"(max-width: 800px) 100vw, 800px\" \/>\t\t\t\t\t\t\t\t\t\t\t\t\t\t\t<\/div>\n\t\t\t\t<\/div>\n\t\t\t\t<\/div>\n\t\t<div class=\"elementor-element elementor-element-569e97d4 e-con-full e-flex e-con e-child\" data-id=\"569e97d4\" data-element_type=\"container\" data-e-type=\"container\">\n\t\t\t\t<div class=\"elementor-element elementor-element-4c783b64 elementor-invisible elementor-widget elementor-widget-image\" data-id=\"4c783b64\" data-element_type=\"widget\" data-e-type=\"widget\" data-settings=\"{&quot;_animation&quot;:&quot;fadeIn&quot;,&quot;_animation_delay&quot;:500}\" data-widget_type=\"image.default\">\n\t\t\t\t<div class=\"elementor-widget-container\">\n\t\t\t\t\t\t\t\t\t\t\t\t\t\t\t<img decoding=\"async\" width=\"414\" height=\"414\" src=\"https:\/\/montseperez.com\/wp-content\/uploads\/2024\/11\/fotos-eventos-4.jpg\" class=\"attachment-large size-large wp-image-448\" alt=\"\" srcset=\"https:\/\/montseperez.com\/wp-content\/uploads\/2024\/11\/fotos-eventos-4.jpg 414w, https:\/\/montseperez.com\/wp-content\/uploads\/2024\/11\/fotos-eventos-4-300x300.jpg 300w, https:\/\/montseperez.com\/wp-content\/uploads\/2024\/11\/fotos-eventos-4-150x150.jpg 150w\" sizes=\"(max-width: 414px) 100vw, 414px\" \/>\t\t\t\t\t\t\t\t\t\t\t\t\t\t\t<\/div>\n\t\t\t\t<\/div>\n\t\t\t\t<\/div>\n\t\t\t\t<\/div>\n\t\t\t\t<div class=\"elementor-element elementor-element-2afb18d9 elementor-widget__width-initial elementor-widget-mobile__width-initial elementor-invisible elementor-widget elementor-widget-text-editor\" data-id=\"2afb18d9\" data-element_type=\"widget\" data-e-type=\"widget\" data-settings=\"{&quot;_animation&quot;:&quot;fadeIn&quot;,&quot;_animation_delay&quot;:400}\" data-widget_type=\"text-editor.default\">\n\t\t\t\t<div class=\"elementor-widget-container\">\n\t\t\t\t\t\t\t\t\t<p>La organizaci\u00f3n de eventos se ha convertido en <strong>una estrategia clave para fortalecer la imagen de marca<\/strong> y ofrecer experiencias \u00fanicas que conecten de manera efectiva con los clientes.<\/p><p>Nos especializamos en dise\u00f1ar y ejecutar <strong>eventos que no solo sean memorables, sino que tambi\u00e9n refuercen los valores <\/strong>fundamentales de tu marca.<\/p><p><strong>Nos encargamos de todo el proceso,<\/strong> desde el dise\u00f1o conceptual hasta la ejecuci\u00f3n final, asegurando que cada detalle est\u00e9 alineado con la identidad de tu marca.<\/p><p>Ya sea un<strong> lanzamiento de producto, una inauguraci\u00f3n o una celebraci\u00f3n corporativa<\/strong>, nuestro equipo trabaja para garantizar que el evento refleje la esencia de tu empresa de manera aut\u00e9ntica y coherente.<\/p><p>Con un enfoque en <strong>crear experiencias impactantes<\/strong>, buscamos generar conexiones genuinas con los asistentes, logrando que cada evento deje una <strong>impresi\u00f3n duradera<\/strong> en su memoria y fortalezca el v\u00ednculo con tu marca.<\/p>\t\t\t\t\t\t\t\t<\/div>\n\t\t\t\t<\/div>\n\t\t\t\t<\/div>\n\t\t\t\t\t<\/div>\n\t\t\t\t<\/div>\n\t\t<div class=\"elementor-element elementor-element-2f3b18a7 e-flex e-con-boxed e-con e-parent\" data-id=\"2f3b18a7\" data-element_type=\"container\" data-e-type=\"container\">\n\t\t\t\t\t<div class=\"e-con-inner\">\n\t\t\t\t<div class=\"elementor-element elementor-element-3f9b98e elementor-widget__width-inherit elementor-invisible elementor-widget elementor-widget-text-editor\" data-id=\"3f9b98e\" data-element_type=\"widget\" data-e-type=\"widget\" data-settings=\"{&quot;_animation&quot;:&quot;fadeIn&quot;}\" data-widget_type=\"text-editor.default\">\n\t\t\t\t<div class=\"elementor-widget-container\">\n\t\t\t\t\t\t\t\t\t<p>EVENTOS<\/p>\t\t\t\t\t\t\t\t<\/div>\n\t\t\t\t<\/div>\n\t\t\t\t<div class=\"elementor-element elementor-element-5c536421 elementor-invisible elementor-widget elementor-widget-heading\" data-id=\"5c536421\" data-element_type=\"widget\" data-e-type=\"widget\" data-settings=\"{&quot;_animation&quot;:&quot;fadeIn&quot;,&quot;_animation_delay&quot;:200}\" data-widget_type=\"heading.default\">\n\t\t\t\t<div class=\"elementor-widget-container\">\n\t\t\t\t\t<h2 class=\"elementor-heading-title elementor-size-default\">Conectar con tu p\u00fablico a trav\u00e9s de eventos\n<\/h2>\t\t\t\t<\/div>\n\t\t\t\t<\/div>\n\t\t\t\t<div class=\"elementor-element elementor-element-71048600 elementor-invisible elementor-widget elementor-widget-text-editor\" data-id=\"71048600\" data-element_type=\"widget\" data-e-type=\"widget\" data-settings=\"{&quot;_animation&quot;:&quot;fadeIn&quot;,&quot;_animation_delay&quot;:400}\" data-widget_type=\"text-editor.default\">\n\t\t\t\t<div class=\"elementor-widget-container\">\n\t\t\t\t\t\t\t\t\t<p>es una herramienta esencial para reforzar la imagen de tu marca y brindar experiencias exclusivas. Por ello te ayudamos en todo el proceso cuidando cada detalle.<\/p>\t\t\t\t\t\t\t\t<\/div>\n\t\t\t\t<\/div>\n\t\t<div class=\"elementor-element elementor-element-3ad073e7 e-con-full e-grid e-con e-child\" data-id=\"3ad073e7\" data-element_type=\"container\" data-e-type=\"container\">\n\t\t<div class=\"elementor-element elementor-element-cc95999 e-con-full e-flex elementor-invisible e-con e-child\" data-id=\"cc95999\" data-element_type=\"container\" data-e-type=\"container\" id=\"Congresos\" data-settings=\"{&quot;animation&quot;:&quot;fadeIn&quot;,&quot;animation_delay&quot;:400,&quot;background_background&quot;:&quot;classic&quot;}\">\n\t\t\t\t<div class=\"elementor-element elementor-element-2ddc5702 elementor-position-top elementor-widget elementor-widget-image-box\" data-id=\"2ddc5702\" data-element_type=\"widget\" data-e-type=\"widget\" id=\"congresos\" data-widget_type=\"image-box.default\">\n\t\t\t\t<div class=\"elementor-widget-container\">\n\t\t\t\t\t<div class=\"elementor-image-box-wrapper\"><figure class=\"elementor-image-box-img\"><a href=\"#\" tabindex=\"-1\"><img decoding=\"async\" width=\"512\" height=\"512\" src=\"https:\/\/montseperez.com\/wp-content\/uploads\/2024\/10\/reunion-1.svg\" class=\"attachment-full size-full wp-image-338\" alt=\"\" \/><\/a><\/figure><div class=\"elementor-image-box-content\"><h3 class=\"elementor-image-box-title\"><a href=\"#\">Congresos y Ferias <\/a><\/h3><p class=\"elementor-image-box-description\">Participar en congresos y ferias del sector de la belleza y est\u00e9tica es una\nexcelente oportunidad para posicionar tu marca y conectar con otros\nprofesionales. Nos encargamos de todos los aspectos de tu participaci\u00f3n,\ndesde la planificaci\u00f3n y dise\u00f1o del stand hasta la log\u00edstica y promoci\u00f3n,\npara que puedas concentrarte en aprovechar al m\u00e1ximo estas\noportunidades de networking y expansi\u00f3n comercial. <\/p><\/div><\/div>\t\t\t\t<\/div>\n\t\t\t\t<\/div>\n\t\t\t\t<\/div>\n\t\t<div class=\"elementor-element elementor-element-1fbb1e70 e-con-full e-flex elementor-invisible e-con e-child\" data-id=\"1fbb1e70\" data-element_type=\"container\" data-e-type=\"container\" id=\"Ceremonias\" data-settings=\"{&quot;animation&quot;:&quot;fadeIn&quot;,&quot;animation_delay&quot;:400,&quot;background_background&quot;:&quot;classic&quot;}\">\n\t\t\t\t<div class=\"elementor-element elementor-element-719fc158 elementor-position-top elementor-widget elementor-widget-image-box\" data-id=\"719fc158\" data-element_type=\"widget\" data-e-type=\"widget\" id=\"ceremonias\" data-widget_type=\"image-box.default\">\n\t\t\t\t<div class=\"elementor-widget-container\">\n\t\t\t\t\t<div class=\"elementor-image-box-wrapper\"><figure class=\"elementor-image-box-img\"><a href=\"#\" tabindex=\"-1\"><img loading=\"lazy\" decoding=\"async\" width=\"512\" height=\"512\" src=\"https:\/\/montseperez.com\/wp-content\/uploads\/2024\/10\/educacion-1.svg\" class=\"attachment-full size-full wp-image-337\" alt=\"\" \/><\/a><\/figure><div class=\"elementor-image-box-content\"><h3 class=\"elementor-image-box-title\"><a href=\"#\">Maestra de Ceremonias<\/a><\/h3><p class=\"elementor-image-box-description\">\nOfrecemos servicios de presentaci\u00f3n para eventos y galas del sector belleza, con un enfoque din\u00e1mico y profesional que conecta de forma innata con la audiencia. Creamos experiencias memorables que refuerzan la imagen y los valores de tu marca, dejando una impresi\u00f3n duradera en el p\u00fablico.<\/p><\/div><\/div>\t\t\t\t<\/div>\n\t\t\t\t<\/div>\n\t\t\t\t<\/div>\n\t\t<div class=\"elementor-element elementor-element-42f8399 e-con-full e-flex elementor-invisible e-con e-child\" data-id=\"42f8399\" data-element_type=\"container\" data-e-type=\"container\" data-settings=\"{&quot;animation&quot;:&quot;fadeIn&quot;,&quot;animation_delay&quot;:600,&quot;background_background&quot;:&quot;classic&quot;}\">\n\t\t\t\t<div class=\"elementor-element elementor-element-118f03ba elementor-position-top elementor-widget elementor-widget-image-box\" data-id=\"118f03ba\" data-element_type=\"widget\" data-e-type=\"widget\" id=\"reuniones\" data-widget_type=\"image-box.default\">\n\t\t\t\t<div class=\"elementor-widget-container\">\n\t\t\t\t\t<div class=\"elementor-image-box-wrapper\"><figure class=\"elementor-image-box-img\"><img loading=\"lazy\" decoding=\"async\" width=\"512\" height=\"512\" src=\"https:\/\/montseperez.com\/wp-content\/uploads\/2024\/10\/feria-de-trabajo.svg\" class=\"attachment-full size-full wp-image-332\" alt=\"\" \/><\/figure><div class=\"elementor-image-box-content\"><h3 class=\"elementor-image-box-title\">Reuniones con Profesionales<\/h3><p class=\"elementor-image-box-description\"> Aprovechando nuestra extensa\nred de contactos en la industria, organizamos reuniones exclusivas con\nprofesionales de la belleza, peluquer\u00eda y est\u00e9tica. Estas reuniones\nestrat\u00e9gicas facilitan una interacci\u00f3n directa entre tu marca y los expertos\ndel sector, permitiendo obtener feedback valioso y establecer relaciones\ncomerciales duraderas. <\/p><\/div><\/div>\t\t\t\t<\/div>\n\t\t\t\t<\/div>\n\t\t\t\t<\/div>\n\t\t\t\t<\/div>\n\t\t\t\t<div class=\"elementor-element elementor-element-44cd943e elementor-widget elementor-widget-spacer\" data-id=\"44cd943e\" data-element_type=\"widget\" data-e-type=\"widget\" data-widget_type=\"spacer.default\">\n\t\t\t\t<div class=\"elementor-widget-container\">\n\t\t\t\t\t\t\t<div class=\"elementor-spacer\">\n\t\t\t<div class=\"elementor-spacer-inner\"><\/div>\n\t\t<\/div>\n\t\t\t\t\t\t<\/div>\n\t\t\t\t<\/div>\n\t\t\t\t<div class=\"elementor-element elementor-element-5af30bc elementor-invisible elementor-widget elementor-widget-heading\" data-id=\"5af30bc\" data-element_type=\"widget\" data-e-type=\"widget\" data-settings=\"{&quot;_animation&quot;:&quot;fadeIn&quot;,&quot;_animation_delay&quot;:200}\" data-widget_type=\"heading.default\">\n\t\t\t\t<div class=\"elementor-widget-container\">\n\t\t\t\t\t<h2 class=\"elementor-heading-title elementor-size-default\">Creamos un impacto duradero en los asistentes,\ngenerando conexiones aut\u00e9ntica.<\/h2>\t\t\t\t<\/div>\n\t\t\t\t<\/div>\n\t\t\t\t\t<\/div>\n\t\t\t\t<\/div>\n\t\t<div class=\"elementor-element elementor-element-77c1aa8 e-flex e-con-boxed e-con e-parent\" data-id=\"77c1aa8\" data-element_type=\"container\" data-e-type=\"container\" data-settings=\"{&quot;background_background&quot;:&quot;classic&quot;}\">\n\t\t\t\t\t<div class=\"e-con-inner\">\n\t\t<div class=\"elementor-element elementor-element-3fe16665 e-con-full e-flex e-con e-child\" data-id=\"3fe16665\" data-element_type=\"container\" data-e-type=\"container\">\n\t\t\t\t<div class=\"elementor-element elementor-element-23e72e69 elementor-widget__width-inherit elementor-invisible elementor-widget elementor-widget-text-editor\" data-id=\"23e72e69\" data-element_type=\"widget\" data-e-type=\"widget\" data-settings=\"{&quot;_animation&quot;:&quot;fadeIn&quot;}\" data-widget_type=\"text-editor.default\">\n\t\t\t\t<div class=\"elementor-widget-container\">\n\t\t\t\t\t\t\t\t\t<p>contacto<\/p>\t\t\t\t\t\t\t\t<\/div>\n\t\t\t\t<\/div>\n\t\t\t\t<div class=\"elementor-element elementor-element-61fb7621 elementor-invisible elementor-widget elementor-widget-heading\" data-id=\"61fb7621\" data-element_type=\"widget\" data-e-type=\"widget\" data-settings=\"{&quot;_animation&quot;:&quot;fadeIn&quot;,&quot;_animation_delay&quot;:200}\" data-widget_type=\"heading.default\">\n\t\t\t\t<div class=\"elementor-widget-container\">\n\t\t\t\t\t<h2 class=\"elementor-heading-title elementor-size-default\">Comienza a impulsar tu negocio y evento<\/h2>\t\t\t\t<\/div>\n\t\t\t\t<\/div>\n\t\t\t\t<div class=\"elementor-element elementor-element-29dcc6f9 elementor-invisible elementor-widget elementor-widget-button\" data-id=\"29dcc6f9\" data-element_type=\"widget\" data-e-type=\"widget\" data-settings=\"{&quot;_animation&quot;:&quot;fadeIn&quot;,&quot;_animation_delay&quot;:600}\" data-widget_type=\"button.default\">\n\t\t\t\t<div class=\"elementor-widget-container\">\n\t\t\t\t\t\t\t\t\t<div class=\"elementor-button-wrapper\">\n\t\t\t\t\t<a class=\"elementor-button elementor-button-link elementor-size-sm\" href=\"https:\/\/montseperez.com\/contacto\/\">\n\t\t\t\t\t\t<span class=\"elementor-button-content-wrapper\">\n\t\t\t\t\t\t\t\t\t<span class=\"elementor-button-text\">contacto<\/span>\n\t\t\t\t\t<\/span>\n\t\t\t\t\t<\/a>\n\t\t\t\t<\/div>\n\t\t\t\t\t\t\t\t<\/div>\n\t\t\t\t<\/div>\n\t\t\t\t<\/div>\n\t\t<div class=\"elementor-element elementor-element-7befadde e-con-full e-flex e-con e-child\" data-id=\"7befadde\" data-element_type=\"container\" data-e-type=\"container\">\n\t\t\t\t<\/div>\n\t\t\t\t\t<\/div>\n\t\t\t\t<\/div>\n\t\t\t\t<\/div>\n\t\t","protected":false},"excerpt":{"rendered":"<p>Servicios de Eventos EVENTOS Dise\u00f1amos y ejecutamos eventos personalizados para tu marca. La organizaci\u00f3n de eventos se ha convertido en una estrategia clave para fortalecer la imagen de marca y ofrecer experiencias \u00fanicas que conecten de manera efectiva con los clientes. Nos especializamos en dise\u00f1ar y ejecutar eventos que no solo sean memorables, sino que [&hellip;]<\/p>\n","protected":false},"author":1,"featured_media":0,"parent":0,"menu_order":4,"comment_status":"closed","ping_status":"closed","template":"","meta":{"_joinchat":[],"footnotes":""},"class_list":["post-223","page","type-page","status-publish","hentry"],"_links":{"self":[{"href":"https:\/\/montseperez.com\/index.php?rest_route=\/wp\/v2\/pages\/223","targetHints":{"allow":["GET"]}}],"collection":[{"href":"https:\/\/montseperez.com\/index.php?rest_route=\/wp\/v2\/pages"}],"about":[{"href":"https:\/\/montseperez.com\/index.php?rest_route=\/wp\/v2\/types\/page"}],"author":[{"embeddable":true,"href":"https:\/\/montseperez.com\/index.php?rest_route=\/wp\/v2\/users\/1"}],"replies":[{"embeddable":true,"href":"https:\/\/montseperez.com\/index.php?rest_route=%2Fwp%2Fv2%2Fcomments&post=223"}],"version-history":[{"count":53,"href":"https:\/\/montseperez.com\/index.php?rest_route=\/wp\/v2\/pages\/223\/revisions"}],"predecessor-version":[{"id":676,"href":"https:\/\/montseperez.com\/index.php?rest_route=\/wp\/v2\/pages\/223\/revisions\/676"}],"wp:attachment":[{"href":"https:\/\/montseperez.com\/index.php?rest_route=%2Fwp%2Fv2%2Fmedia&parent=223"}],"curies":[{"name":"wp","href":"https:\/\/api.w.org\/{rel}","templated":true}]}}